{"id":115,"date":"2013-05-10T08:45:47","date_gmt":"2013-05-10T05:45:47","guid":{"rendered":"http:\/\/www.vergihaber.net\/?page_id=21"},"modified":"2014-06-27T11:58:30","modified_gmt":"2014-06-27T08:58:30","slug":"hakkimizda","status":"publish","type":"page","link":"http:\/\/www.iktisatmuhasebe.com\/?page_id=115","title":{"rendered":"Hakk\u0131m\u0131zda"},"content":{"rendered":"<address><strong>\u0130ktisat Muhasebe ve Mali M\u00fc\u015favirlik,<\/strong>\u00a0 muhasebe hizmetleri ile mali konularda dan\u0131\u015fmanl\u0131k yapmak \u00fczere kurulmu\u015f bir i\u015fletmedir.<\/p>\n<p>\u0130\u015fletmelerin muhasebe sistemini kurmak, muhasebe sistemlerinde revizyon ve denetimini yapmak, muhasebe personeline e\u011fitim vermek gibi bir\u00e7ok alanda 1980 y\u0131l\u0131ndan bu yana hizmet vermekteyiz.<\/p>\n<p>Amac\u0131m\u0131z her i\u015fletmenin muhasebe sistemini kurarak gerekli t\u00fcm altyap\u0131 haz\u0131rland\u0131ktan sonra d\u00fczenli ve sistematik bir bi\u00e7imde muhasebe ve mali m\u00fc\u015favirlik kavram\u0131n\u0131 olu\u015fturmakt\u0131r.<\/p>\n<p>Fark\u0131m\u0131z Muhasebenin kalite ile birle\u015fti\u011fi bir anlay\u0131\u015ft\u0131r. Fark\u0131m\u0131z kalitemizdir.<\/p>\n<p>Hay\u0131rl\u0131 i\u015fler bol ve temiz kazan\u00e7lar dilerim. S.M.MAL\u0130 M\u00dc\u015eAV\u0130R Hasan Bayram BA\u015eTABAK<\/p><\/address>\n<p>&nbsp;<\/p>\n<p>Amac\u0131m\u0131z yasan\u0131n gerektirdi\u011fi \u015fartlar\u0131 yerine getiren ve ayn\u0131 zamanda y\u00f6netime sa\u011fl\u0131kl\u0131 ve devaml\u0131 bilgi aktarabilme kapasitesine sahip bir muhasebe sistemi olu\u015fturmaktad\u0131r. Ayn\u0131 zamanda t\u00fcm muhasebe ve bordro ihtiya\u00e7lar\u0131n\u0131z teknik bilgisi, deneyimi ve profesyonel yetenekleri ile sizin her zaman yan\u0131n\u0131zda olacak uzman ekibimizin kontrol\u00fcnde g\u00fcven alt\u0131nda olacakt\u0131r.<\/p>\n<p>Ayr\u0131ca, d\u00fczenli vergi kontrolleri yap\u0131lmakta ve vergi cezalar\u0131 ile sonu\u00e7lanabilecek muhasebe hatalar\u0131ndan firma y\u00f6netimini bilgilendirmek i\u00e7in raporlar haz\u0131rlanmaktad\u0131r. Genel olarak amac\u0131m\u0131z d\u0131\u015f bir destek vererek firman\u0131z\u0131n muhasebe ve finans i\u015flevlerini k\u0131smen ya da tamamen y\u00fcklenmek ve b\u00f6ylece sizin as\u0131l i\u015f alan\u0131n\u0131z ve aktiviteniz d\u0131\u015f\u0131ndaki konulara odaklanmak zorunda kalmaman\u0131z\u0131 sa\u011flamakt\u0131r.<\/p>\n<p>&nbsp;<\/p>\n<h2><em>Hedeflerimiz<\/em><\/h2>\n<p>Hedeflerinizi yerine getirmekte size yard\u0131mc\u0131 olacak do\u011fru, d\u00fcr\u00fcst ve profesyonel bir muhasebe uzman\u0131n\u0131 bulman\u0131n hi\u00e7 kolay olmad\u0131\u011f\u0131n\u0131 biliyoruz. Biz m\u00fc\u015fterilerimize tamamen ki\u015fiye \u00f6zel ve \u00f6ng\u00f6r\u00fcl\u00fc bir hizmet sunuyoruz.<\/p>\n<p>Geni\u015f kapsaml\u0131 muhasebe, vergi ve i\u015f idaresi konular\u0131nda hizmet sunmaktay\u0131z. Ama bunlar\u0131n yan\u0131nda en \u00f6nemlisi ne kadar karma\u015f\u0131k olursa olsun m\u00fc\u015fterimizin i\u015fini anlamak ve onlar\u0131n ba\u015far\u0131ya ula\u015fmas\u0131n\u0131 sa\u011flamak \u00f6ncelikli hedeflerimizdendir.<\/p>\n<h2><em>M\u00fc\u015fterilerimiz<\/em><\/h2>\n<p>M\u00fc\u015fterilerimizin \u00e7o\u011fu kendi ad\u0131na, ortakl\u0131k veya \u015firket \u00e7at\u0131s\u0131 alt\u0131nda ticaret yapan esnaflardan olu\u015fmaktad\u0131r. K\u00fc\u00e7\u00fck ve orta \u00f6l\u00e7ekli i\u015fletmelerin kar\u015f\u0131la\u015ft\u0131klar\u0131 zorluklar\u0131 \u00e7\u00f6zmek bizim uzmanl\u0131k alan\u0131m\u0131za girmektedir.<\/p>\n<p>Bununla birlikte, baz\u0131 m\u00fc\u015fterilerimiz esnaf de\u011fildir. Esnaf olmayan m\u00fc\u015fterilerimize ki\u015fisel vergi, finansal planlama, yat\u0131r\u0131m portf\u00f6yleri ve kira geliri hesaplar\u0131 hususunda hedefledikleri \u015fahsi ve ailevi hedeflerini (\u00f6rne\u011fin hayal ettikleri emeklilik) ger\u00e7ekle\u015ftirmede en do\u011fru yolu g\u00f6stermekteyiz.<\/p>\n","protected":false},"excerpt":{"rendered":"<p>\u0130ktisat Muhasebe ve Mali M\u00fc\u015favirlik,\u00a0 muhasebe hizmetleri ile mali konularda dan\u0131\u015fmanl\u0131k yapmak \u00fczere kurulmu\u015f bir i\u015fletmedir. \u0130\u015fletmelerin muhasebe sistemini kurmak, muhasebe sistemlerinde revizyon ve denetimini yapmak, muhasebe personeline e\u011fitim vermek gibi bir\u00e7ok alanda 1980 y\u0131l\u0131ndan bu yana hizmet vermekteyiz. Amac\u0131m\u0131z her i\u015fletmenin muhasebe sistemini kurarak gerekli t\u00fcm altyap\u0131 haz\u0131rland\u0131ktan sonra d\u00fczenli ve sistematik bir bi\u00e7imde [&hellip;]<\/p>\n","protected":false},"author":1,"featured_media":0,"parent":0,"menu_order":0,"comment_status":"closed","ping_status":"open","template":"","meta":{"footnotes":""},"class_list":["post-115","page","type-page","status-publish","hentry"],"_links":{"self":[{"href":"http:\/\/www.iktisatmuhasebe.com\/index.php?rest_route=\/wp\/v2\/pages\/115","targetHints":{"allow":["GET"]}}],"collection":[{"href":"http:\/\/www.iktisatmuhasebe.com\/index.php?rest_route=\/wp\/v2\/pages"}],"about":[{"href":"http:\/\/www.iktisatmuhasebe.com\/index.php?rest_route=\/wp\/v2\/types\/page"}],"author":[{"embeddable":true,"href":"http:\/\/www.iktisatmuhasebe.com\/index.php?rest_route=\/wp\/v2\/users\/1"}],"replies":[{"embeddable":true,"href":"http:\/\/www.iktisatmuhasebe.com\/index.php?rest_route=%2Fwp%2Fv2%2Fcomments&post=115"}],"version-history":[{"count":3,"href":"http:\/\/www.iktisatmuhasebe.com\/index.php?rest_route=\/wp\/v2\/pages\/115\/revisions"}],"predecessor-version":[{"id":289,"href":"http:\/\/www.iktisatmuhasebe.com\/index.php?rest_route=\/wp\/v2\/pages\/115\/revisions\/289"}],"wp:attachment":[{"href":"http:\/\/www.iktisatmuhasebe.com\/index.php?rest_route=%2Fwp%2Fv2%2Fmedia&parent=115"}],"curies":[{"name":"wp","href":"https:\/\/api.w.org\/{rel}","templated":true}]}}