{"id":118,"date":"2011-03-14T08:46:52","date_gmt":"2011-03-14T08:46:52","guid":{"rendered":"http:\/\/www.vergihaber.net\/?page_id=27"},"modified":"2014-06-27T12:03:45","modified_gmt":"2014-06-27T09:03:45","slug":"mukellef-panosu","status":"publish","type":"page","link":"http:\/\/www.iktisatmuhasebe.com\/?page_id=118","title":{"rendered":"M\u00fckellef Panosu"},"content":{"rendered":"<p>Haz\u0131rlan\u0131yor&#8230;<\/p>\n","protected":false},"excerpt":{"rendered":"<p>Haz\u0131rlan\u0131yor&#8230;<\/p>\n","protected":false},"author":1,"featured_media":0,"parent":0,"menu_order":0,"comment_status":"open","ping_status":"open","template":"","meta":{"footnotes":""},"class_list":["post-118","page","type-page","status-publish","hentry"],"_links":{"self":[{"href":"http:\/\/www.iktisatmuhasebe.com\/index.php?rest_route=\/wp\/v2\/pages\/118","targetHints":{"allow":["GET"]}}],"collection":[{"href":"http:\/\/www.iktisatmuhasebe.com\/index.php?rest_route=\/wp\/v2\/pages"}],"about":[{"href":"http:\/\/www.iktisatmuhasebe.com\/index.php?rest_route=\/wp\/v2\/types\/page"}],"author":[{"embeddable":true,"href":"http:\/\/www.iktisatmuhasebe.com\/index.php?rest_route=\/wp\/v2\/users\/1"}],"replies":[{"embeddable":true,"href":"http:\/\/www.iktisatmuhasebe.com\/index.php?rest_route=%2Fwp%2Fv2%2Fcomments&post=118"}],"version-history":[{"count":1,"href":"http:\/\/www.iktisatmuhasebe.com\/index.php?rest_route=\/wp\/v2\/pages\/118\/revisions"}],"predecessor-version":[{"id":292,"href":"http:\/\/www.iktisatmuhasebe.com\/index.php?rest_route=\/wp\/v2\/pages\/118\/revisions\/292"}],"wp:attachment":[{"href":"http:\/\/www.iktisatmuhasebe.com\/index.php?rest_route=%2Fwp%2Fv2%2Fmedia&parent=118"}],"curies":[{"name":"wp","href":"https:\/\/api.w.org\/{rel}","templated":true}]}}